{"id":248,"date":"2025-01-30T18:42:36","date_gmt":"2025-01-30T18:42:36","guid":{"rendered":"https:\/\/www.sepyn.com.ar\/public_html\/?page_id=248"},"modified":"2025-11-20T16:19:09","modified_gmt":"2025-11-20T16:19:09","slug":"guardia-pediatrica","status":"publish","type":"page","link":"https:\/\/www.sepyn.com.ar\/public_html\/guardia-pediatrica\/","title":{"rendered":"GUARDIA PEDI\u00c1TRICA"},"content":{"rendered":"\n<p>Contamos con guardia 24 hs, ubicada en P.B. dentro del Policl\u00ednico del Docente, Lavalle 1974 -CABA-<\/p>\n\n\n\n<div class=\"wp-block-columns is-layout-flex wp-container-core-columns-is-layout-1 wp-block-columns-is-layout-flex\">\n<div class=\"wp-block-column is-layout-flow wp-block-column-is-layout-flow\">\n<figure class=\"wp-block-image size-full\"><img loading=\"lazy\" decoding=\"async\" width=\"1536\" height=\"2048\" src=\"https:\/\/www.sepyn.com.ar\/public_html\/wp-content\/uploads\/2025\/01\/IMG_0170.jpeg\" alt=\"\" class=\"wp-image-216\"\/><\/figure>\n<\/div>\n\n\n\n<div class=\"wp-block-column is-layout-flow wp-block-column-is-layout-flow\">\n<figure class=\"wp-block-image size-full\"><img loading=\"lazy\" decoding=\"async\" width=\"1536\" height=\"2048\" src=\"https:\/\/www.sepyn.com.ar\/public_html\/wp-content\/uploads\/2025\/01\/IMG_0167.jpeg\" alt=\"\" class=\"wp-image-209\"\/><\/figure>\n<\/div>\n\n\n\n<div class=\"wp-block-column is-layout-flow wp-block-column-is-layout-flow\">\n<figure class=\"wp-block-image size-full is-resized\"><img loading=\"lazy\" decoding=\"async\" width=\"938\" height=\"1532\" src=\"https:\/\/www.sepyn.com.ar\/public_html\/wp-content\/uploads\/2025\/01\/b6ab98a6-1230-4ae6-a925-bc50f90729d5.jpeg\" alt=\"\" class=\"wp-image-185\" style=\"width:258px;height:auto\"\/><\/figure>\n<\/div>\n<\/div>\n\n\n\n<p>Para ser atendido en guardia deber\u00e1 presentar:<\/p>\n\n\n\n<ul>\n<li>DNI<\/li>\n\n\n\n<li>Carnet de Cobertura Social <\/li>\n\n\n\n<li>Recibo de sueldo o \u00faltimos 3 comprobantes de monotributo<\/li>\n\n\n\n<li>Bono de la obra social en el caso que requiera. <\/li>\n<\/ul>\n\n\n\n<p><em>(chequee con su cobertura los requisitos)<\/em><\/p>\n\n\n\n<p><strong><em>Tambi\u00e9n atendemos de forma particular, deber\u00e1 presentar DNI del paciente. Forma de pago Tarjeta de cr\u00e9dito, tarjeta de d\u00e9bito, Mercado Pago.<\/em><\/strong><\/p>\n","protected":false},"excerpt":{"rendered":"<p>Contamos con guardia 24 hs, ubicada en P.B. dentro del Policl\u00ednico del Docente, Lavalle 1974 -CABA- Para ser atendido en guardia deber\u00e1 presentar: (chequee con su cobertura los requisitos) Tambi\u00e9n atendemos de forma particular, deber\u00e1 presentar DNI del paciente. Forma de pago Tarjeta de cr\u00e9dito, tarjeta de d\u00e9bito, Mercado Pago.<\/p>\n","protected":false},"author":1,"featured_media":0,"parent":0,"menu_order":0,"comment_status":"closed","ping_status":"closed","template":"","meta":{"footnotes":""},"_links":{"self":[{"href":"https:\/\/www.sepyn.com.ar\/public_html\/wp-json\/wp\/v2\/pages\/248"}],"collection":[{"href":"https:\/\/www.sepyn.com.ar\/public_html\/wp-json\/wp\/v2\/pages"}],"about":[{"href":"https:\/\/www.sepyn.com.ar\/public_html\/wp-json\/wp\/v2\/types\/page"}],"author":[{"embeddable":true,"href":"https:\/\/www.sepyn.com.ar\/public_html\/wp-json\/wp\/v2\/users\/1"}],"replies":[{"embeddable":true,"href":"https:\/\/www.sepyn.com.ar\/public_html\/wp-json\/wp\/v2\/comments?post=248"}],"version-history":[{"count":2,"href":"https:\/\/www.sepyn.com.ar\/public_html\/wp-json\/wp\/v2\/pages\/248\/revisions"}],"predecessor-version":[{"id":445,"href":"https:\/\/www.sepyn.com.ar\/public_html\/wp-json\/wp\/v2\/pages\/248\/revisions\/445"}],"wp:attachment":[{"href":"https:\/\/www.sepyn.com.ar\/public_html\/wp-json\/wp\/v2\/media?parent=248"}],"curies":[{"name":"wp","href":"https:\/\/api.w.org\/{rel}","templated":true}]}}