{"id":238,"date":"2025-01-30T18:21:21","date_gmt":"2025-01-30T18:21:21","guid":{"rendered":"https:\/\/www.sepyn.com.ar\/public_html\/?page_id=238"},"modified":"2025-01-30T18:23:28","modified_gmt":"2025-01-30T18:23:28","slug":"especialidades-medicas","status":"publish","type":"page","link":"https:\/\/www.sepyn.com.ar\/public_html\/especialidades-medicas\/","title":{"rendered":"ESPECIALIDADES M\u00c9DICAS"},"content":{"rendered":"\n<div class=\"wp-block-columns is-layout-flex wp-container-core-columns-is-layout-1 wp-block-columns-is-layout-flex\">\n<div class=\"wp-block-column is-layout-flow wp-block-column-is-layout-flow\">\n<h4 class=\"wp-block-heading\">CARDIOLOG\u00cdA<\/h4>\n\n\n\n<h4 class=\"wp-block-heading\"><br>CIRUG\u00cdA CARDIOVASCULAR<\/h4>\n\n\n\n<h4 class=\"wp-block-heading\"><br>CIRUG\u00cdA DE COLUMNA<\/h4>\n\n\n\n<h4 class=\"wp-block-heading\"><br>CIRUG\u00cdA GENERAL<\/h4>\n\n\n\n<h4 class=\"wp-block-heading\"><br>CIRUG\u00cdA MAXILOFACIAL<\/h4>\n\n\n\n<h4 class=\"wp-block-heading\"><br>CIRUG\u00cdA M\u00cdNIMAMENTE <\/h4>\n\n\n\n<h4 class=\"wp-block-heading\">INVASIVA<br>CIRUG\u00cdA PL\u00c1STICA Y RECONSTRUCTIVA<\/h4>\n\n\n\n<h4 class=\"wp-block-heading\"><br>CL\u00cdNICA PEDI\u00c1TRICA<\/h4>\n\n\n\n<h4 class=\"wp-block-heading\"><br>CUIDADOS PALIATIVOS<\/h4>\n\n\n\n<h4 class=\"wp-block-heading\"><br>DERMATOLOG\u00cdA<\/h4>\n\n\n\n<h4 class=\"wp-block-heading\"><br>DIABETOLOGIA Y ENFERMEDADES DEL METABOLISMO<\/h4>\n\n\n\n<h4 class=\"wp-block-heading\"><br>ELECTROFISIOLOG\u00cdA <\/h4>\n\n\n\n<h4 class=\"wp-block-heading\"><br>HEMODINAMIA<\/h4>\n\n\n\n<h4 class=\"wp-block-heading\"><br>HEPATOLOG\u00cdA<\/h4>\n\n\n\n<h4 class=\"wp-block-heading\"><br>INFECTOLOG\u00cdA <\/h4>\n\n\n\n<h4 class=\"wp-block-heading\">ENDOCRINOLOG\u00cdA<\/h4>\n<\/div>\n\n\n\n<div class=\"wp-block-column is-layout-flow wp-block-column-is-layout-flow\">\n<h4 class=\"wp-block-heading\">ENDOSCOPIA RESPIRATORIA<\/h4>\n\n\n\n<h4 class=\"wp-block-heading\"><br>ERRORES CONG\u00c9NITOS DEL METABOLISMO<\/h4>\n\n\n\n<h4 class=\"wp-block-heading\"><br>GASTROENTEROLOG\u00cdA<\/h4>\n\n\n\n<h4 class=\"wp-block-heading\"><br>GEN\u00c9TICA<\/h4>\n\n\n\n<h4 class=\"wp-block-heading\"><br>HEMATO-ONCOLOG\u00cdA <\/h4>\n\n\n\n<h4 class=\"wp-block-heading\">NEFROLOG\u00cdA<\/h4>\n\n\n\n<h4 class=\"wp-block-heading\"><br>NEUMONOLOG\u00cdA<\/h4>\n\n\n\n<h4 class=\"wp-block-heading\"><br>NEUROCIRUG\u00cdA<\/h4>\n\n\n\n<h4 class=\"wp-block-heading\"><br>NEUROLOG\u00cdA<\/h4>\n\n\n\n<h4 class=\"wp-block-heading\"><br>NUTRICI\u00d3N<\/h4>\n\n\n\n<h4 class=\"wp-block-heading\"><br>OFTALMOLOG\u00cdA<\/h4>\n\n\n\n<h4 class=\"wp-block-heading\"><br>ORTOPEDIA Y TRAUMATOLOG\u00cdA<\/h4>\n\n\n\n<h4 class=\"wp-block-heading\"><br>OTORRINOLARINGOLOG\u00cdA<\/h4>\n\n\n\n<h4 class=\"wp-block-heading\"><br>PSIQUIATR\u00cdA<\/h4>\n\n\n\n<h4 class=\"wp-block-heading\"><br>REUMATOLOG\u00cdA <\/h4>\n\n\n\n<h4 class=\"wp-block-heading\">SEGUIMIENTO DE PACIENTE DE ALTO RIESGO<\/h4>\n\n\n\n<h4 class=\"wp-block-heading\"><br>UROLOG\u00cdA<br><\/h4>\n\n\n\n<p><br><\/p>\n<\/div>\n\n\n\n<div class=\"wp-block-column is-layout-flow wp-block-column-is-layout-flow\">\n<h3 class=\"wp-block-heading\"><strong>CONTAMOS TAMBIEN CON:<\/strong><\/h3>\n\n\n\n<h4 class=\"wp-block-heading\"><br>DIAGN\u00d3STICO POR IM\u00c1GENES<\/h4>\n\n\n\n<h4 class=\"wp-block-heading\"><br>FONOAUDIOLOG\u00cdA<\/h4>\n\n\n\n<h4 class=\"wp-block-heading\"><br>KINESIOLOGIA<\/h4>\n\n\n\n<h4 class=\"wp-block-heading\"><br>PSICOLOG\u00cdA<\/h4>\n<\/div>\n<\/div>\n","protected":false},"excerpt":{"rendered":"<p>CARDIOLOG\u00cdA CIRUG\u00cdA CARDIOVASCULAR CIRUG\u00cdA DE COLUMNA CIRUG\u00cdA GENERAL CIRUG\u00cdA MAXILOFACIAL CIRUG\u00cdA M\u00cdNIMAMENTE INVASIVACIRUG\u00cdA PL\u00c1STICA Y RECONSTRUCTIVA CL\u00cdNICA PEDI\u00c1TRICA CUIDADOS PALIATIVOS DERMATOLOG\u00cdA DIABETOLOGIA Y ENFERMEDADES DEL METABOLISMO ELECTROFISIOLOG\u00cdA HEMODINAMIA HEPATOLOG\u00cdA INFECTOLOG\u00cdA ENDOCRINOLOG\u00cdA ENDOSCOPIA RESPIRATORIA ERRORES CONG\u00c9NITOS DEL METABOLISMO GASTROENTEROLOG\u00cdA GEN\u00c9TICA HEMATO-ONCOLOG\u00cdA NEFROLOG\u00cdA NEUMONOLOG\u00cdA NEUROCIRUG\u00cdA NEUROLOG\u00cdA NUTRICI\u00d3N OFTALMOLOG\u00cdA ORTOPEDIA Y TRAUMATOLOG\u00cdA OTORRINOLARINGOLOG\u00cdA PSIQUIATR\u00cdA REUMATOLOG\u00cdA SEGUIMIENTO DE PACIENTE [&hellip;]<\/p>\n","protected":false},"author":1,"featured_media":0,"parent":0,"menu_order":0,"comment_status":"closed","ping_status":"closed","template":"","meta":{"footnotes":""},"_links":{"self":[{"href":"https:\/\/www.sepyn.com.ar\/public_html\/wp-json\/wp\/v2\/pages\/238"}],"collection":[{"href":"https:\/\/www.sepyn.com.ar\/public_html\/wp-json\/wp\/v2\/pages"}],"about":[{"href":"https:\/\/www.sepyn.com.ar\/public_html\/wp-json\/wp\/v2\/types\/page"}],"author":[{"embeddable":true,"href":"https:\/\/www.sepyn.com.ar\/public_html\/wp-json\/wp\/v2\/users\/1"}],"replies":[{"embeddable":true,"href":"https:\/\/www.sepyn.com.ar\/public_html\/wp-json\/wp\/v2\/comments?post=238"}],"version-history":[{"count":3,"href":"https:\/\/www.sepyn.com.ar\/public_html\/wp-json\/wp\/v2\/pages\/238\/revisions"}],"predecessor-version":[{"id":241,"href":"https:\/\/www.sepyn.com.ar\/public_html\/wp-json\/wp\/v2\/pages\/238\/revisions\/241"}],"wp:attachment":[{"href":"https:\/\/www.sepyn.com.ar\/public_html\/wp-json\/wp\/v2\/media?parent=238"}],"curies":[{"name":"wp","href":"https:\/\/api.w.org\/{rel}","templated":true}]}}