{"id":234,"date":"2025-01-30T18:15:08","date_gmt":"2025-01-30T18:15:08","guid":{"rendered":"https:\/\/www.sepyn.com.ar\/public_html\/?page_id=234"},"modified":"2025-01-30T18:15:09","modified_gmt":"2025-01-30T18:15:09","slug":"visitas-asistidas-por-perros","status":"publish","type":"page","link":"https:\/\/www.sepyn.com.ar\/public_html\/visitas-asistidas-por-perros\/","title":{"rendered":"VISITAS ASISTIDAS POR PERROS"},"content":{"rendered":"\n<p>En nuestro centro pedi\u00e1trico de internaci\u00f3n hemos lanzado el programa de visitas asistidas por perros de Dogs for Change.<br>Este proyecto tiene un objetivo claro: mejorar el bienestar emocional, f\u00edsico y social de nuestros peque\u00f1os pacientes. La interacci\u00f3n con los perros ayuda a que los ni\u00f1os puedan: desconectar del entorno hospitalario y disfrutar de actividades divertidas, recibir apoyo emocional y entretenimiento, distray\u00e9ndose de los factores generadores de estr\u00e9s. Favorecer su evoluci\u00f3n y recuperaci\u00f3n, tanto f\u00edsica como emocionalmente.<br>La presencia de los caninos ya ha mostrado resultados positivos, llenando de sonrisas y momentos felices a nuestros ni\u00f1os. Estamos emocionados por continuar con este programa y ver c\u00f3mo sigue impactando de manera positiva en la recuperaci\u00f3n de nuestros peque\u00f1os h\u00e9roes.<\/p>\n\n\n\n<figure class=\"wp-block-gallery has-nested-images columns-default is-cropped wp-block-gallery-1 is-layout-flex wp-block-gallery-is-layout-flex\">\n<figure class=\"wp-block-image size-large\"><img loading=\"lazy\" decoding=\"async\" width=\"2114\" height=\"2819\" data-id=\"235\" src=\"https:\/\/www.sepyn.com.ar\/public_html\/wp-content\/uploads\/2025\/01\/unnamed-3.jpg\" alt=\"\" class=\"wp-image-235\"\/><\/figure>\n\n\n\n<figure class=\"wp-block-image size-large\"><img loading=\"lazy\" decoding=\"async\" width=\"3024\" height=\"4032\" data-id=\"236\" src=\"https:\/\/www.sepyn.com.ar\/public_html\/wp-content\/uploads\/2025\/01\/unnamed-2.jpg\" alt=\"\" class=\"wp-image-236\"\/><\/figure>\n<\/figure>\n","protected":false},"excerpt":{"rendered":"<p>En nuestro centro pedi\u00e1trico de internaci\u00f3n hemos lanzado el programa de visitas asistidas por perros de Dogs for Change.Este proyecto tiene un objetivo claro: mejorar el bienestar emocional, f\u00edsico y social de nuestros peque\u00f1os pacientes. La interacci\u00f3n con los perros ayuda a que los ni\u00f1os puedan: desconectar del entorno hospitalario y disfrutar de actividades divertidas, [&hellip;]<\/p>\n","protected":false},"author":1,"featured_media":0,"parent":0,"menu_order":0,"comment_status":"closed","ping_status":"closed","template":"","meta":{"footnotes":""},"_links":{"self":[{"href":"https:\/\/www.sepyn.com.ar\/public_html\/wp-json\/wp\/v2\/pages\/234"}],"collection":[{"href":"https:\/\/www.sepyn.com.ar\/public_html\/wp-json\/wp\/v2\/pages"}],"about":[{"href":"https:\/\/www.sepyn.com.ar\/public_html\/wp-json\/wp\/v2\/types\/page"}],"author":[{"embeddable":true,"href":"https:\/\/www.sepyn.com.ar\/public_html\/wp-json\/wp\/v2\/users\/1"}],"replies":[{"embeddable":true,"href":"https:\/\/www.sepyn.com.ar\/public_html\/wp-json\/wp\/v2\/comments?post=234"}],"version-history":[{"count":1,"href":"https:\/\/www.sepyn.com.ar\/public_html\/wp-json\/wp\/v2\/pages\/234\/revisions"}],"predecessor-version":[{"id":237,"href":"https:\/\/www.sepyn.com.ar\/public_html\/wp-json\/wp\/v2\/pages\/234\/revisions\/237"}],"wp:attachment":[{"href":"https:\/\/www.sepyn.com.ar\/public_html\/wp-json\/wp\/v2\/media?parent=234"}],"curies":[{"name":"wp","href":"https:\/\/api.w.org\/{rel}","templated":true}]}}