{"id":232,"date":"2025-01-30T18:12:18","date_gmt":"2025-01-30T18:12:18","guid":{"rendered":"https:\/\/www.sepyn.com.ar\/public_html\/?page_id=232"},"modified":"2025-01-30T18:12:19","modified_gmt":"2025-01-30T18:12:19","slug":"cardiologia-intervencionista-electrofisiologia-cardiaca-invasiva-y-hemodinamia-central-y-periferica","status":"publish","type":"page","link":"https:\/\/www.sepyn.com.ar\/public_html\/cardiologia-intervencionista-electrofisiologia-cardiaca-invasiva-y-hemodinamia-central-y-periferica\/","title":{"rendered":"CARDIOLOG\u00cdA INTERVENCIONISTA, ELECTROFISIOLOG\u00cdA CARD\u00cdACA INVASIVA Y HEMODINAMIA CENTRAL Y PERIF\u00c9RICA"},"content":{"rendered":"\n<ul>\n<li>Realizamos cateterismos card\u00edacos y vasculares centrales y perif\u00e9ricos<\/li>\n\n\n\n<li>Diagnosticamos y tratamos enfermedades cardiovasculares.<\/li>\n\n\n\n<li>Realizamos procedimientos de intervenci\u00f3n endovascular percut\u00e1neos<\/li>\n\n\n\n<li>Monitoreamos a pacientes con condiciones hemodin\u00e1micas cr\u00edticas<\/li>\n<\/ul>\n","protected":false},"excerpt":{"rendered":"","protected":false},"author":1,"featured_media":0,"parent":0,"menu_order":0,"comment_status":"closed","ping_status":"closed","template":"","meta":{"footnotes":""},"_links":{"self":[{"href":"https:\/\/www.sepyn.com.ar\/public_html\/wp-json\/wp\/v2\/pages\/232"}],"collection":[{"href":"https:\/\/www.sepyn.com.ar\/public_html\/wp-json\/wp\/v2\/pages"}],"about":[{"href":"https:\/\/www.sepyn.com.ar\/public_html\/wp-json\/wp\/v2\/types\/page"}],"author":[{"embeddable":true,"href":"https:\/\/www.sepyn.com.ar\/public_html\/wp-json\/wp\/v2\/users\/1"}],"replies":[{"embeddable":true,"href":"https:\/\/www.sepyn.com.ar\/public_html\/wp-json\/wp\/v2\/comments?post=232"}],"version-history":[{"count":1,"href":"https:\/\/www.sepyn.com.ar\/public_html\/wp-json\/wp\/v2\/pages\/232\/revisions"}],"predecessor-version":[{"id":233,"href":"https:\/\/www.sepyn.com.ar\/public_html\/wp-json\/wp\/v2\/pages\/232\/revisions\/233"}],"wp:attachment":[{"href":"https:\/\/www.sepyn.com.ar\/public_html\/wp-json\/wp\/v2\/media?parent=232"}],"curies":[{"name":"wp","href":"https:\/\/api.w.org\/{rel}","templated":true}]}}