{"id":223,"date":"2025-01-30T18:02:19","date_gmt":"2025-01-30T18:02:19","guid":{"rendered":"https:\/\/www.sepyn.com.ar\/public_html\/?page_id=223"},"modified":"2025-01-30T18:02:19","modified_gmt":"2025-01-30T18:02:19","slug":"centro-de-internacion-pediatrica","status":"publish","type":"page","link":"https:\/\/www.sepyn.com.ar\/public_html\/centro-de-internacion-pediatrica\/","title":{"rendered":"CENTRO DE INTERNACI\u00d3N PEDI\u00c1TRICA"},"content":{"rendered":"\n<p>El mismo est\u00e1 equipado para ofrecer, con eficacia y excelencia, una r\u00e1pida<br>resoluci\u00f3n de todas las patolog\u00edas cl\u00ednicas y quir\u00fargicas, brindando mayor<br>accesibilidad y calidad de atenci\u00f3n a los pacientes y a su familia.<\/p>\n\n\n\n<h3 class=\"wp-block-heading\">GUARDIA PEDI\u00c1TRICA LAS 24 HORAS<\/h3>\n\n\n\n<h3 class=\"wp-block-heading\">INTERNACI\u00d3N PEDI\u00c1TRICA<\/h3>\n\n\n\n<ul>\n<li>Hospital de d\u00eda con 5 camas<\/li>\n\n\n\n<li>Dos pisos de Internaci\u00f3n pedi\u00e1trica con 36 camas<\/li>\n\n\n\n<li>Un piso para Terapia Intensiva Pedi\u00e1trica con 13 camas.<\/li>\n<\/ul>\n\n\n\n<h3 class=\"wp-block-heading\">CENTRO QUIR\u00daRGICO<\/h3>\n\n\n\n<p>Cuenta con un quir\u00f3fano para cirug\u00edas de r\u00e1pida<br>rotaci\u00f3n y dos quir\u00f3fanos para patolog\u00edas<br>quir\u00fargicas de mediana y alta complejidad.<\/p>\n\n\n\n<h3 class=\"wp-block-heading\">DIAGN\u00d3STICO Y TRATAMIENTO<\/h3>\n\n\n\n<ul>\n<li>Sala de hemodinamia<\/li>\n\n\n\n<li>Centro de im\u00e1genes pedi\u00e1trico.<\/li>\n<\/ul>\n","protected":false},"excerpt":{"rendered":"<p>El mismo est\u00e1 equipado para ofrecer, con eficacia y excelencia, una r\u00e1pidaresoluci\u00f3n de todas las patolog\u00edas cl\u00ednicas y quir\u00fargicas, brindando mayoraccesibilidad y calidad de atenci\u00f3n a los pacientes y a su familia. GUARDIA PEDI\u00c1TRICA LAS 24 HORAS INTERNACI\u00d3N PEDI\u00c1TRICA CENTRO QUIR\u00daRGICO Cuenta con un quir\u00f3fano para cirug\u00edas de r\u00e1pidarotaci\u00f3n y dos quir\u00f3fanos para patolog\u00edasquir\u00fargicas de [&hellip;]<\/p>\n","protected":false},"author":1,"featured_media":0,"parent":0,"menu_order":0,"comment_status":"closed","ping_status":"closed","template":"","meta":{"footnotes":""},"_links":{"self":[{"href":"https:\/\/www.sepyn.com.ar\/public_html\/wp-json\/wp\/v2\/pages\/223"}],"collection":[{"href":"https:\/\/www.sepyn.com.ar\/public_html\/wp-json\/wp\/v2\/pages"}],"about":[{"href":"https:\/\/www.sepyn.com.ar\/public_html\/wp-json\/wp\/v2\/types\/page"}],"author":[{"embeddable":true,"href":"https:\/\/www.sepyn.com.ar\/public_html\/wp-json\/wp\/v2\/users\/1"}],"replies":[{"embeddable":true,"href":"https:\/\/www.sepyn.com.ar\/public_html\/wp-json\/wp\/v2\/comments?post=223"}],"version-history":[{"count":1,"href":"https:\/\/www.sepyn.com.ar\/public_html\/wp-json\/wp\/v2\/pages\/223\/revisions"}],"predecessor-version":[{"id":225,"href":"https:\/\/www.sepyn.com.ar\/public_html\/wp-json\/wp\/v2\/pages\/223\/revisions\/225"}],"wp:attachment":[{"href":"https:\/\/www.sepyn.com.ar\/public_html\/wp-json\/wp\/v2\/media?parent=223"}],"curies":[{"name":"wp","href":"https:\/\/api.w.org\/{rel}","templated":true}]}}