{"id":174,"date":"2025-01-30T16:39:40","date_gmt":"2025-01-30T16:39:40","guid":{"rendered":"https:\/\/www.sepyn.com.ar\/public_html\/?page_id=174"},"modified":"2025-01-30T17:06:22","modified_gmt":"2025-01-30T17:06:22","slug":"donar-sangre","status":"publish","type":"page","link":"https:\/\/www.sepyn.com.ar\/public_html\/donar-sangre\/","title":{"rendered":"DONAR SANGRE"},"content":{"rendered":"\n<p>Dar sangre es dar vida. Cirug\u00edas, trasplantes y transfusiones pueden realizarse gracias a la generosa colaboraci\u00f3n de los donantes. Con cada donaci\u00f3n que se realiza, se salvan tres vidas.<\/p>\n\n\n\n<p><em>Argentina necesita donantes voluntarios y habituales para disponer de sangre en cantidad, calidad y oportunidad; para que muchas m\u00e1s personas puedan ser atendidas como lo merecen.<\/em><\/p>\n\n\n\n<figure class=\"wp-block-image aligncenter size-full\"><a href=\"https:\/\/fuhesa.org.ar\/#!\/-donar-sangre\/\" target=\"_blank\" rel=\"noreferrer noopener\"><img loading=\"lazy\" decoding=\"async\" width=\"737\" height=\"737\" src=\"https:\/\/www.sepyn.com.ar\/public_html\/wp-content\/uploads\/2025\/01\/DONA-SANGRE-3.jpg\" alt=\"\" class=\"wp-image-180\"\/><\/a><\/figure>\n\n\n\n<div class=\"wp-block-columns is-layout-flex wp-container-core-columns-is-layout-1 wp-block-columns-is-layout-flex\">\n<div class=\"wp-block-column is-layout-flow wp-block-column-is-layout-flow\">\n<figure class=\"wp-block-image size-full\"><a href=\"https:\/\/fuhesa.org.ar\/#!\/-donar-sangre\/\" target=\"_blank\" rel=\"noreferrer noopener\"><img loading=\"lazy\" decoding=\"async\" width=\"1080\" height=\"1920\" src=\"https:\/\/www.sepyn.com.ar\/public_html\/wp-content\/uploads\/2025\/01\/requisitos-transfusion-1.jpg\" alt=\"\" class=\"wp-image-175\"\/><\/a><\/figure>\n<\/div>\n\n\n\n<div class=\"wp-block-column is-layout-flow wp-block-column-is-layout-flow\">\n<figure class=\"wp-block-image size-full\"><a href=\"https:\/\/fuhesa.org.ar\/#!\/-donar-sangre\/\" target=\"_blank\" rel=\"noreferrer noopener\"><img loading=\"lazy\" decoding=\"async\" width=\"1080\" height=\"1920\" src=\"https:\/\/www.sepyn.com.ar\/public_html\/wp-content\/uploads\/2025\/01\/requisitos-transfusion-2.jpg\" alt=\"\" class=\"wp-image-176\"\/><\/a><\/figure>\n<\/div>\n<\/div>\n","protected":false},"excerpt":{"rendered":"<p>Dar sangre es dar vida. Cirug\u00edas, trasplantes y transfusiones pueden realizarse gracias a la generosa colaboraci\u00f3n de los donantes. Con cada donaci\u00f3n que se realiza, se salvan tres vidas. Argentina necesita donantes voluntarios y habituales para disponer de sangre en cantidad, calidad y oportunidad; para que muchas m\u00e1s personas puedan ser atendidas como lo merecen.<\/p>\n","protected":false},"author":1,"featured_media":0,"parent":0,"menu_order":0,"comment_status":"closed","ping_status":"closed","template":"","meta":{"footnotes":""},"_links":{"self":[{"href":"https:\/\/www.sepyn.com.ar\/public_html\/wp-json\/wp\/v2\/pages\/174"}],"collection":[{"href":"https:\/\/www.sepyn.com.ar\/public_html\/wp-json\/wp\/v2\/pages"}],"about":[{"href":"https:\/\/www.sepyn.com.ar\/public_html\/wp-json\/wp\/v2\/types\/page"}],"author":[{"embeddable":true,"href":"https:\/\/www.sepyn.com.ar\/public_html\/wp-json\/wp\/v2\/users\/1"}],"replies":[{"embeddable":true,"href":"https:\/\/www.sepyn.com.ar\/public_html\/wp-json\/wp\/v2\/comments?post=174"}],"version-history":[{"count":3,"href":"https:\/\/www.sepyn.com.ar\/public_html\/wp-json\/wp\/v2\/pages\/174\/revisions"}],"predecessor-version":[{"id":182,"href":"https:\/\/www.sepyn.com.ar\/public_html\/wp-json\/wp\/v2\/pages\/174\/revisions\/182"}],"wp:attachment":[{"href":"https:\/\/www.sepyn.com.ar\/public_html\/wp-json\/wp\/v2\/media?parent=174"}],"curies":[{"name":"wp","href":"https:\/\/api.w.org\/{rel}","templated":true}]}}