{"id":169,"date":"2025-01-29T16:37:12","date_gmt":"2025-01-29T16:37:12","guid":{"rendered":"https:\/\/www.sepyn.com.ar\/public_html\/?page_id=169"},"modified":"2025-01-29T16:37:13","modified_gmt":"2025-01-29T16:37:13","slug":"consentimiento-informado","status":"publish","type":"page","link":"https:\/\/www.sepyn.com.ar\/public_html\/consentimiento-informado\/","title":{"rendered":"CONSENTIMIENTO INFORMADO"},"content":{"rendered":"\n<h2 class=\"wp-block-heading\">CONSENTIMIENTO INFORMADO<\/h2>\n\n\n\n<p>Sres. Padres,<br>El Servicio de Pediatr\u00eda de SEPYN anexo POLICLINICO DEL DOCENTE, los invita a celebrar este<br>contrato de confianza mutua para que podamos hacer todo lo necesario en beneficio de la salud de<br>su hijo.<br>Ustedes concurren al Servicio de Pediatr\u00eda del SEPYN anexo POLICLINICO DEL DOCENTE confiando<br>a su equipo de profesionales la salud de su hijo. Este equipo cuenta con especialistas de m\u00e1s de 30<br>disciplinas pedi\u00e1tricas y un equipo completo de diagn\u00f3stico y tratamiento que asistir\u00e1 a su hijo en todo<br>momento.<br>Confirmar cual es la enfermedad de su hijo es muy importante para su tratamiento. En el proceso<br>diagn\u00f3stico, algunas veces, necesitaremos hacer procedimientos (punciones, an\u00e1lisis de laboratorio,<br>estudios por im\u00e1genes, etc.) que nos permitan saber cu\u00e1l es la enfermedad de su hijo y proponer un<br>plan terap\u00e9utico. Sabemos que estos procedimientos son molestos para su hijo y por lo tanto, no<br>haremos ning\u00fan examen innecesario, evitaremos el dolor, le brindaremos confort y los mantendremos<br>siempre informados de los resultados y del proceso diagn\u00f3stico.<br>En algunas oportunidades, nuestro equipo podr\u00e1 considerar necesario iniciar acciones r\u00e1pidas y sin<br>demoras (administraci\u00f3n de anest\u00e9sicos, ventilaci\u00f3n mec\u00e1nica, transfusiones, etc.) La gravedad de la<br>enfermedad de su hijo puede requerir tratamientos o procedimientos diferentes a los previstos, que<br>tengan que iniciarse sin previa consulta con los familiares, y aun si ustedes no encuentran presentes<br>en el servicio. A pesar de todos los avances de la ciencia, no podremos curar la enfermedad de su<br>hijo siempre, pero si nos comprometemos en disminuir su sufrimiento y poner todo nuestro<br>conocimiento y empe\u00f1o a su servicio.<br>Para lograr estos objetivos, necesitamos de su colaboraci\u00f3n. Trabajaremos juntos por la recuperaci\u00f3n<br>y bienestar de su hijo. Necesitaremos que nos brinden toda la informaci\u00f3n que les solicitamos, sin<br>olvidarse o esconder nada y que no interrumpan a los tratamientos propuestos. Nos comprometemos<br>a explicarles claramente nuestras propuestas terap\u00e9uticas, los riesgos y posibles complicaciones de<br>los tratamientos y responder siempre las dudas que surjan. Si ustedes colaboran con nosotros,<br>trabajaremos mejor y eso ser\u00e1 beneficioso para su hijo.<br><\/p>\n","protected":false},"excerpt":{"rendered":"<p>CONSENTIMIENTO INFORMADO Sres. Padres,El Servicio de Pediatr\u00eda de SEPYN anexo POLICLINICO DEL DOCENTE, los invita a celebrar estecontrato de confianza mutua para que podamos hacer todo lo necesario en beneficio de la salud desu hijo.Ustedes concurren al Servicio de Pediatr\u00eda del SEPYN anexo POLICLINICO DEL DOCENTE confiandoa su equipo de profesionales la salud de su [&hellip;]<\/p>\n","protected":false},"author":1,"featured_media":0,"parent":0,"menu_order":0,"comment_status":"closed","ping_status":"closed","template":"","meta":{"footnotes":""},"_links":{"self":[{"href":"https:\/\/www.sepyn.com.ar\/public_html\/wp-json\/wp\/v2\/pages\/169"}],"collection":[{"href":"https:\/\/www.sepyn.com.ar\/public_html\/wp-json\/wp\/v2\/pages"}],"about":[{"href":"https:\/\/www.sepyn.com.ar\/public_html\/wp-json\/wp\/v2\/types\/page"}],"author":[{"embeddable":true,"href":"https:\/\/www.sepyn.com.ar\/public_html\/wp-json\/wp\/v2\/users\/1"}],"replies":[{"embeddable":true,"href":"https:\/\/www.sepyn.com.ar\/public_html\/wp-json\/wp\/v2\/comments?post=169"}],"version-history":[{"count":1,"href":"https:\/\/www.sepyn.com.ar\/public_html\/wp-json\/wp\/v2\/pages\/169\/revisions"}],"predecessor-version":[{"id":170,"href":"https:\/\/www.sepyn.com.ar\/public_html\/wp-json\/wp\/v2\/pages\/169\/revisions\/170"}],"wp:attachment":[{"href":"https:\/\/www.sepyn.com.ar\/public_html\/wp-json\/wp\/v2\/media?parent=169"}],"curies":[{"name":"wp","href":"https:\/\/api.w.org\/{rel}","templated":true}]}}