{"id":167,"date":"2025-01-29T16:30:24","date_gmt":"2025-01-29T16:30:24","guid":{"rendered":"https:\/\/www.sepyn.com.ar\/public_html\/?page_id=167"},"modified":"2025-01-29T16:30:24","modified_gmt":"2025-01-29T16:30:24","slug":"preguntas-frecuentes","status":"publish","type":"page","link":"https:\/\/www.sepyn.com.ar\/public_html\/preguntas-frecuentes\/","title":{"rendered":"PREGUNTAS FRECUENTES"},"content":{"rendered":"\n<h2 class=\"wp-block-heading\">\u00bfQui\u00e9n puede solicitar una Historia Cl\u00ednica?<\/h2>\n\n\n\n<p>Un familiar (padre, madre, hijo\/a, nieto\/a, esposo\/a).<\/p>\n\n\n\n<p>Un tercero (amigo\/a, vecino\/a, conviviente, tutor, curador, apoderado)<\/p>\n\n\n\n<h4 class=\"wp-block-heading\">\u00bfCu\u00e1les son los requisitos?<\/h4>\n\n\n\n<p>El familiar debe presentar autorizaci\u00f3n del paciente al retirar la copia de su Historia Cl\u00ednica y acompa\u00f1ar la documentaci\u00f3n que acredite su v\u00ednculo.<\/p>\n\n\n\n<p>El tercero deber\u00e1 presentar autorizaci\u00f3n del paciente al retirar una copia de su Historia Cl\u00ednica, y la autorizaci\u00f3n debe ser legalizada ante escribano.<\/p>\n\n\n\n<h4 class=\"wp-block-heading\">\u00bf Por qu\u00e9 v\u00eda puedo solicitarlo?<\/h4>\n\n\n\n<p>Puede hacerse presencial o enviando un correo electr\u00f3nico a\u00a0admision@sepyn.com.ar. Tener en cuenta las consideraciones para las solicitudes por correo electr\u00f3nico.<\/p>\n\n\n\n<h4 class=\"wp-block-heading\">\u00bfC\u00f3mo y d\u00f3nde solicito la Epicrisis?<\/h4>\n\n\n\n<p>La\u00a0<strong>EPICRISIS<\/strong>\u00a0es un resumen de la Historia Cl\u00ednica y debe ser entregada al paciente o familiar al momento del alta m\u00e9dica, sin excepci\u00f3n, por el equipo tratante. En casos de procedimientos\/cirug\u00edas ambulatorias no se hacen epicrisis ya que son intervenciones m\u00ednimas, pero s\u00ed se puede contar con la copia de la Historia Cl\u00ednica.<\/p>\n\n\n\n<h2 class=\"wp-block-heading\">Si necesito atender a mi hijo en la guardia pedi\u00e1trica \u00bfQu\u00e9 documentaci\u00f3n debo traer?<\/h2>\n\n\n\n<p>Para la atenci\u00f3n por Guardia Pedi\u00e1trica debes traer Documento de Identidad del paciente, Credencial de la Cobertura M\u00e9dica, Recibo de sueldo o \u00faltimos 3 monotributos, bono de la cobertura social en caso que lo requiera. <em>Chequear con tu cobertura si tiene alg\u00fan otro requisito.<\/em><\/p>\n\n\n\n<h2 class=\"wp-block-heading\">\u00bfC\u00faales son los horarios de visitas en internaci\u00f3n pedi\u00e1trica?<\/h2>\n\n\n\n<p>El horario de visita en la Sala de Pediatr\u00eda es de 16 a 19 hs. Para \u00e1reas cerrada cheque\u00e1 en el siguiente <a href=\"https:\/\/www.sepyn.com.ar\/public_html\/normas-de-convivencia\/\" data-type=\"page\" data-id=\"165\">link.<\/a><\/p>\n\n\n\n<h2 class=\"wp-block-heading\">Tengo una cirug\u00eda programada \u00bfqu\u00e9 debo hacer?<\/h2>\n\n\n\n<p>Para informaci\u00f3n de cirug\u00edas programadas por favor ingres\u00e1 <a href=\"https:\/\/www.sepyn.com.ar\/public_html\/preparandose-para-la-cirugia-una-guia-para-los-padres\/\" data-type=\"page\" data-id=\"154\">ac\u00e1.<\/a><\/p>\n","protected":false},"excerpt":{"rendered":"<p>\u00bfQui\u00e9n puede solicitar una Historia Cl\u00ednica? Un familiar (padre, madre, hijo\/a, nieto\/a, esposo\/a). Un tercero (amigo\/a, vecino\/a, conviviente, tutor, curador, apoderado) \u00bfCu\u00e1les son los requisitos? El familiar debe presentar autorizaci\u00f3n del paciente al retirar la copia de su Historia Cl\u00ednica y acompa\u00f1ar la documentaci\u00f3n que acredite su v\u00ednculo. El tercero deber\u00e1 presentar autorizaci\u00f3n del paciente [&hellip;]<\/p>\n","protected":false},"author":1,"featured_media":0,"parent":0,"menu_order":0,"comment_status":"closed","ping_status":"closed","template":"","meta":{"footnotes":""},"_links":{"self":[{"href":"https:\/\/www.sepyn.com.ar\/public_html\/wp-json\/wp\/v2\/pages\/167"}],"collection":[{"href":"https:\/\/www.sepyn.com.ar\/public_html\/wp-json\/wp\/v2\/pages"}],"about":[{"href":"https:\/\/www.sepyn.com.ar\/public_html\/wp-json\/wp\/v2\/types\/page"}],"author":[{"embeddable":true,"href":"https:\/\/www.sepyn.com.ar\/public_html\/wp-json\/wp\/v2\/users\/1"}],"replies":[{"embeddable":true,"href":"https:\/\/www.sepyn.com.ar\/public_html\/wp-json\/wp\/v2\/comments?post=167"}],"version-history":[{"count":1,"href":"https:\/\/www.sepyn.com.ar\/public_html\/wp-json\/wp\/v2\/pages\/167\/revisions"}],"predecessor-version":[{"id":168,"href":"https:\/\/www.sepyn.com.ar\/public_html\/wp-json\/wp\/v2\/pages\/167\/revisions\/168"}],"wp:attachment":[{"href":"https:\/\/www.sepyn.com.ar\/public_html\/wp-json\/wp\/v2\/media?parent=167"}],"curies":[{"name":"wp","href":"https:\/\/api.w.org\/{rel}","templated":true}]}}