{"id":165,"date":"2025-01-29T16:02:13","date_gmt":"2025-01-29T16:02:13","guid":{"rendered":"https:\/\/www.sepyn.com.ar\/public_html\/?page_id=165"},"modified":"2025-01-29T16:02:14","modified_gmt":"2025-01-29T16:02:14","slug":"normas-de-convivencia","status":"publish","type":"page","link":"https:\/\/www.sepyn.com.ar\/public_html\/normas-de-convivencia\/","title":{"rendered":"NORMAS DE CONVIVENCIA"},"content":{"rendered":"\n<p><strong><em>SERVICIO DE PEDIATR\u00cdA DEL POLICL\u00cdNICO DEL DOCENTE-SEPYN<br><\/em><\/strong><br><em>El Servicio de Pediatr\u00eda del Policl\u00ednico del Docente- SEPyN, tiene por objetivo la r\u00e1pida recuperaci\u00f3n del<br>paciente. Para lograrlo, adem\u00e1s de su estructura m\u00e9dico asistencial, procura brindar a los ni\u00f1os y sus familias un ambiente c\u00f3modo y de tranquilidad.<br>El objetivo de estas normas es garantizar el orden, la seguridad y las condiciones \u00f3ptimas para la mejor<br>atenci\u00f3n de su hijo\/a. Colabore con este fin, cumpliendo las siguientes indicaciones:<\/em><\/p>\n\n\n\n<p><strong>SEGURIDAD:<\/strong><\/p>\n\n\n\n<ul>\n<li>Su hijo debe mantener la pulsera identificatoria puesta durante TODA la internaci\u00f3n.<\/li>\n\n\n\n<li>Los pacientes pueden ser cambiados de sector de internaci\u00f3n o trasladados a las \u00e1reas de cuidados cr\u00edticos, sin previa consulta o conformidad de los familiares, teniendo en cuenta la seguridad del paciente.<\/li>\n\n\n\n<li>En caso de ingresar a las \u00e1reas de cuidados cr\u00edticos, deber\u00e1 guardar sus pertenencias y objetos de valor en el locker que le asignar\u00e1 el sector de admisi\u00f3n.<\/li>\n<\/ul>\n\n\n\n<p><br><strong>PADRES Y ACOMPA\u00d1ANTES:<\/strong><\/p>\n\n\n\n<ul>\n<li>Todos los padres que ingresen al Servicio de Pediatr\u00eda deber\u00e1n usar en todo momento la pulsera<br>identificatoria que les entregar\u00e1 correspondiente al sector donde se encontrar\u00e1 internado su hijo.<br>(Rosa:Unidad de Cuidados Intensivos\/Prolongados, Amarilla: Sala de Pediatr\u00eda y Hospital de d\u00eda).<\/li>\n\n\n\n<li>La internaci\u00f3n en la sala de pediatr\u00eda es conjunta. Es decir, que siempre debe haber un padre\/madre<br>acompa\u00f1ando al ni\u00f1o\/a. S\u00f3lo un familiar podr\u00e1 permanecer en la habitaci\u00f3n en forma permanente.<\/li>\n\n\n\n<li>El acceso a la Unidad de Cuidados Intensivos Pedi\u00e1trica es irrestricto para los padres\/madres. S\u00f3lo un acompa\u00f1ante por vez podr\u00e1 acceder a la unidad del paciente.<\/li>\n\n\n\n<li>El horario para padres en la Unidad de Cuidados Prolongados Pedi\u00e1tricos es de 12 a 20 hs.<br>Todoslos cuidadores y visitas deber\u00e1n utilizar barbijo todo el tiempo y permanecer dentro de la unidad o habitaci\u00f3n del ni\u00f1o\/a.<\/li>\n\n\n\n<li>Es posible que tengan que retirarse de los diferentes sectores por cuestiones de<br>limpieza, t\u00e9cnicas u organizaci\u00f3n. Por favor, colabore con el equipo cuando le solicite retirarse.<\/li>\n<\/ul>\n\n\n\n<p><strong>COMUNICACI\u00d3N:<\/strong><\/p>\n\n\n\n<ul>\n<li>En todos los sectores de internaci\u00f3n, la comunicaci\u00f3n se har\u00e1 en forma personal por los coordinadores y m\u00e9dicos de planta de 10 a 12 hs de Lunes a Viernes.<\/li>\n\n\n\n<li>El personal de enfermer\u00eda no se encuentra autorizado a dar informes.<\/li>\n\n\n\n<li>Ning\u00fan miembro del equipo se encuentra autorizado a dar informes telef\u00f3nicos.<\/li>\n\n\n\n<li>Es posible que tengamos que contactarnos con usted por tel\u00e9fono. Por favor chequee que los tel\u00e9fonos consignados durante la admisi\u00f3n sean correctos y est\u00e9n operativos.<\/li>\n<\/ul>\n\n\n\n<p><strong>VISITAS:<\/strong><\/p>\n\n\n\n<ul>\n<li>El horario de visita en la Sala de Pediatr\u00eda es de 16 a 19 hs.<\/li>\n\n\n\n<li>Todas las personas autorizadas a visitar al paciente por sus padres deber\u00e1n notificarse a la oficina de gesti\u00f3n de pacientes para su registro.<\/li>\n\n\n\n<li>Las visitas autorizadas deber\u00e1n deber\u00e1n anunciarse en seguridad a su ingreso, para verificar su registro en el listado de personas autorizadas a ingresar por los padres del ni\u00f1o. El visitante deber\u00e1 acreditar su identidad, firmar la planilla de visitas y usar en forma visible durante toda su permanencia la identificaci\u00f3n que se le entregar\u00e1 en seguridad. En caso de no cumplir con estos requisitos, no podr\u00e1 ingresar.<\/li>\n\n\n\n<li>No se permitir\u00e1n visitas en las Unidades de Cuidados Intensivos Pedi\u00e1tricos, salvo excepciones y previa autorizaci\u00f3n por el coordinador del sector.<\/li>\n\n\n\n<li>Para protegerlos de posibles infecciones, los ni\u00f1os menores de 16 a\u00f1os no podr\u00e1n ingresar al Servicio. Las situaciones especiales ser\u00e1n contempladas y s\u00f3lo podr\u00e1n ser autorizadas por el jefe del servicio por solicitud escrita.<\/li>\n<\/ul>\n\n\n\n<p><strong>HIGIENE Y BIOSEGURIDAD:<\/strong><\/p>\n\n\n\n<ul>\n<li>Todas las personas que ingresen a los diferentes sectores, deber\u00e1n lavarse las manos, utilizar barbijo y cumplir con las precauciones especiales de aislamiento, en caso que sea necesario.<\/li>\n\n\n\n<li>Desaconsejamos la ingesta de alimentos y bebidas que no sean provistas por el hospital, para mantener las normas de bioseguridad, contribuir a la higiene del servicio y en definitiva, a la salud de su hijo\/a. <\/li>\n\n\n\n<li>Debe mantenerse en todo momento el orden e higiene de la habitaci\u00f3n o unidad. Est\u00e1 prohibida la<br>inscripci\u00f3n o adhesi\u00f3n de stickers, im\u00e1genes o cintas en las paredes o mobiliario.<\/li>\n\n\n\n<li>Los familiares o visitas no deben permanecer en los pasillos ni \u00e1reas de circulaci\u00f3n de pacientes. Tampoco deben ingresar a habitaciones de otros pacientes ni tener contacto con otras unidades para evitar la contaminaci\u00f3n cruzada. <\/li>\n\n\n\n<li>Durante la permanencia en el servicio, les rogamos mantener un tono de voz calmo<br>para no perturbar el descanso del resto de los ni\u00f1os internados.<\/li>\n\n\n\n<li>El egreso deber\u00e1 concretarse dentro de las dos horas de informada el alta m\u00e9dica.<\/li>\n\n\n\n<li>Los tratamientos (par\u00e1metros del respirador, flujo de ox\u00edgeno, etc.) no podr\u00e1n ser modificados por ninguna persona ajena al equipo de salud.<\/li>\n<\/ul>\n","protected":false},"excerpt":{"rendered":"<p>SERVICIO DE PEDIATR\u00cdA DEL POLICL\u00cdNICO DEL DOCENTE-SEPYNEl Servicio de Pediatr\u00eda del Policl\u00ednico del Docente- SEPyN, tiene por objetivo la r\u00e1pida recuperaci\u00f3n delpaciente. Para lograrlo, adem\u00e1s de su estructura m\u00e9dico asistencial, procura brindar a los ni\u00f1os y sus familias un ambiente c\u00f3modo y de tranquilidad.El objetivo de estas normas es garantizar el orden, la seguridad y [&hellip;]<\/p>\n","protected":false},"author":1,"featured_media":0,"parent":0,"menu_order":0,"comment_status":"closed","ping_status":"closed","template":"","meta":{"footnotes":""},"_links":{"self":[{"href":"https:\/\/www.sepyn.com.ar\/public_html\/wp-json\/wp\/v2\/pages\/165"}],"collection":[{"href":"https:\/\/www.sepyn.com.ar\/public_html\/wp-json\/wp\/v2\/pages"}],"about":[{"href":"https:\/\/www.sepyn.com.ar\/public_html\/wp-json\/wp\/v2\/types\/page"}],"author":[{"embeddable":true,"href":"https:\/\/www.sepyn.com.ar\/public_html\/wp-json\/wp\/v2\/users\/1"}],"replies":[{"embeddable":true,"href":"https:\/\/www.sepyn.com.ar\/public_html\/wp-json\/wp\/v2\/comments?post=165"}],"version-history":[{"count":1,"href":"https:\/\/www.sepyn.com.ar\/public_html\/wp-json\/wp\/v2\/pages\/165\/revisions"}],"predecessor-version":[{"id":166,"href":"https:\/\/www.sepyn.com.ar\/public_html\/wp-json\/wp\/v2\/pages\/165\/revisions\/166"}],"wp:attachment":[{"href":"https:\/\/www.sepyn.com.ar\/public_html\/wp-json\/wp\/v2\/media?parent=165"}],"curies":[{"name":"wp","href":"https:\/\/api.w.org\/{rel}","templated":true}]}}