{"id":154,"date":"2025-01-27T18:31:41","date_gmt":"2025-01-27T18:31:41","guid":{"rendered":"https:\/\/www.sepyn.com.ar\/public_html\/?page_id=154"},"modified":"2026-01-19T19:25:34","modified_gmt":"2026-01-19T19:25:34","slug":"preparandose-para-la-cirugia-una-guia-para-los-padres","status":"publish","type":"page","link":"https:\/\/www.sepyn.com.ar\/public_html\/preparandose-para-la-cirugia-una-guia-para-los-padres\/","title":{"rendered":"PREPAR\u00c1NDOSE PARA LA CIRUG\u00cdA: UNA GU\u00cdA PARA PADRES"},"content":{"rendered":"\n<p>Someterse a una cirug\u00eda representa un evento importante\u2014tanto para su hijo\/a como para usted. Aqu\u00ed dejamos la informaci\u00f3n necesaria para cuidar a su hijo\/a; dedique unos minutos a leerlo para que usted y su hijo\/a se puedan sentir m\u00e1s tranquilos y preparados para la cirug\u00eda.<\/p>\n\n\n\n<h2 class=\"wp-block-heading\">Indicaciones previas a procedimientos con anestesia general.<\/h2>\n\n\n\n<p>Esta es una gu\u00eda de instrucciones para que puedas preparar a tu hijo\/a correctamente ante una cirug\u00eda o un procedimiento con anestesia general.&nbsp;<\/p>\n\n\n\n<p><em><strong>Ten\u00e9 en cuenta que son consideraciones generales que se suman a las espec\u00edficas que te haya dado tu equipo tratante.<\/strong><\/em><\/p>\n\n\n\n<p><strong>Pautas de ayuno<\/strong><\/p>\n\n\n\n<p>Es muy importante que se cumplan estas pautas, para tener el est\u00f3mago vac\u00edo y reducir el riesgo de broncoaspiraci\u00f3n. De lo contrario, el procedimiento deber\u00e1 suspenderse o reprogramarse.<\/p>\n\n\n\n<ul>\n<li>2 h&nbsp;l\u00edquidos claros<\/li>\n\n\n\n<li>4 h&nbsp;leche materna<\/li>\n\n\n\n<li>6 h&nbsp;leche de f\u00f3rmula, leche de vaca y comida liviana<\/li>\n\n\n\n<li>8 h&nbsp;alimentos s\u00f3lidos<\/li>\n<\/ul>\n\n\n\n<p><strong>Preguntas frecuentes&nbsp;&nbsp;<\/strong><\/p>\n\n\n\n<ul>\n<li><em>\u00bfQu\u00e9 es un l\u00edquido claro?<\/em><\/li>\n<\/ul>\n\n\n\n<p>Incluye agua sin gas, caf\u00e9, t\u00e9, mate, mate cocido, gelatina sin pedazos de fruta, Gatorade, Powerade, jugo de fruta sin pulpa (cepita, clight). En caso de ser un jugo exprimido debe colarse. Es preferible el consumo de bebidas con az\u00facar en vez de edulcorante. No incluye jugo Citric, Baggio, ni Ades.&nbsp;<\/p>\n\n\n\n<ul>\n<li><em>\u00bfCu\u00e1nto l\u00edquido puedo tomar por \u00faltima vez 2 horas antes de la anestesia?<\/em><\/li>\n<\/ul>\n\n\n\n<p>El volumen permitido es de 250 ml, equivalente a un vaso de agua o jugo, una taza de t\u00e9 o caf\u00e9, 2 a 3 mates, un pocillo de gelatina.<\/p>\n\n\n\n<ul>\n<li><em>\u00bfQu\u00e9 es una comida liviana?<\/em><\/li>\n<\/ul>\n\n\n\n<p>Incluye un l\u00edquido claro con 4 galletitas de agua sin untar o una fruta (excepto la banana).<\/p>\n\n\n\n<ul>\n<li><em>\u00bfHasta cu\u00e1ndo puedo beber leches de origen vegetal?<\/em><\/li>\n<\/ul>\n\n\n\n<p>Hasta 8 horas antes de la anestesia. Incluye leche de almendras, arroz, avena, coco, soja y similares.<\/p>\n\n\n\n<ul>\n<li><em>\u00bfPuedo comer caramelos o chicles?<\/em><\/li>\n<\/ul>\n\n\n\n<p>S\u00f3lo hasta 8 horas antes.<\/p>\n\n\n\n<ul>\n<li><em>\u00bfPuedo tomar gaseosas?<\/em><\/li>\n<\/ul>\n\n\n\n<p>S\u00f3lo hasta 8 horas antes.<\/p>\n\n\n\n<p><strong>C\u00f3mo manejar la medicaci\u00f3n<\/strong><\/p>\n\n\n\n<ul>\n<li>Medicaci\u00f3n habitual: Consult\u00e1 con el m\u00e9dico tratante de tu hijo\/a si el d\u00eda de la cirug\u00eda debe recibirla como siempre o suspenderla.<\/li>\n<\/ul>\n\n\n\n<p><strong>Higiene preoperatoria<\/strong> <em>fundamental para prevenir infecciones relacionadas al acto quir\u00fargico.<\/em><\/p>\n\n\n\n<ul>\n<li><strong>Son 3 ba\u00f1os<\/strong> con soluci\u00f3n jabonosa de clorhexidina o jab\u00f3n blanco que <strong>deben realizarse en d\u00edas consecutivos<\/strong> y, de ser posible, realizar el \u00faltimo ba\u00f1o antes de salir de casa hacia el hospital.  Dej\u00e1 actuar el jab\u00f3n por 30 segundos y luego enjuag\u00e1.&nbsp;<\/li>\n\n\n\n<li>Luego de cada ba\u00f1o, secar con toallas limpias y vestirse con ropa reci\u00e9n lavada.&nbsp;&nbsp;<\/li>\n\n\n\n<li><strong>Tener las u\u00f1as cortas sin pintar.<\/strong><\/li>\n\n\n\n<li>En caso de pediculosis (piojos) debe realizarse tratamiento antes de la cirug\u00eda.<\/li>\n<\/ul>\n\n\n\n<h2 class=\"wp-block-heading\">&nbsp;El d\u00eda del procedimiento<\/h2>\n\n\n\n<ul>\n<li>El d\u00eda anterior, te confirmaremos el horario de citaci\u00f3n por WhatsApp<\/li>\n\n\n\n<li>Habitualmente es 1 hora antes de la hora tentativa de la cirug\u00eda.<\/li>\n\n\n\n<li>Presentate en el horario indicado. Ese tiempo es necesario para hacer los tr\u00e1mites y la preparaci\u00f3n.<\/li>\n<\/ul>\n\n\n\n<p><br><strong>Qu\u00e9 deb\u00e9s traer<\/strong>&nbsp;<\/p>\n\n\n\n<ul>\n<li>DNI del ni\u00f1o\/a<\/li>\n\n\n\n<li>Credencial de cobertura m\u00e9dica<\/li>\n\n\n\n<li>\u00daltimo recibo de sueldo o \u00faltimos comprobantes de monotributo (seg\u00fan exija tu cobertura)<\/li>\n\n\n\n<li>Carnet de vacunas<\/li>\n\n\n\n<li>Prequir\u00fargicos<\/li>\n\n\n\n<li>Mu\u00f1eco de apego, oso de peluche, juguete favorito, o lo que tu hijo\/a necesite para el d\u00eda de la intervenci\u00f3n.<\/li>\n\n\n\n<li>Una muda de ropa extra<\/li>\n\n\n\n<li>Una manta<\/li>\n\n\n\n<li>Una toalla de mano y una bolsa por si el ni\u00f1o o ni\u00f1a se descompone en el traslado de vuelta a su casa.<\/li>\n\n\n\n<li>Recomendamos que los familiares lleven unos art\u00edculos de diversi\u00f3n para usar en la sala de espera, como un libro o un dispositivo electr\u00f3nico con aud\u00edfonos. Por respeto a los otros pacientes pedi\u00e1tricos que est\u00e1n esperando la hora de su cirug\u00eda, se proh\u00edbe comer en la sala de espera.<\/li>\n<\/ul>\n\n\n\n<p><strong>Vestimenta y objetos personales<\/strong><\/p>\n\n\n\n<ul>\n<li>Ropa c\u00f3moda, f\u00e1cil de sacar y de poner.<\/li>\n\n\n\n<li>No traer aros, piercings, joyas, y elementos met\u00e1licos. Tampoco traer maquillaje ni las u\u00f1as pintadas.&nbsp;<\/li>\n\n\n\n<li>Si usa lentes de contacto o aud\u00edfonos va a tener que sac\u00e1rselas en el momento de cambiarse para subir al quir\u00f3fano.<\/li>\n<\/ul>\n\n\n\n<p><strong>Pap\u00e1, mam\u00e1, o tutor acompa\u00f1ante<\/strong>:<\/p>\n\n\n\n<ul>\n<li>Vas a poder permanecer con tu hijo\/a hasta el momento en que ingrese al quir\u00f3fano. (s\u00f3lo un adulto)&nbsp;<\/li>\n\n\n\n<li>Luego te indicaremos cu\u00e1l es la sala de espera correspondiente.<\/li>\n\n\n\n<li>El tiempo de espera depende de la duraci\u00f3n de la cirug\u00eda\/procedimiento y del tiempo de preparaci\u00f3n previo y de recuperaci\u00f3n posterior.<\/li>\n\n\n\n<li>Una vez que termine el procedimiento de su hijo\/a, el cirujano le informar\u00e1 a usted.<\/li>\n\n\n\n<li>Reconocemos que estar separado de su hijo puede ser estresante y atemorizante, as\u00ed que le permitiremos a usted entrar a ver a su hijo tanpronto como sea posible y seguro hacerlo.<\/li>\n\n\n\n<li>El paciente ser\u00e1 trasladado al sector de internaci\u00f3n correspondiente o al hospital de d\u00eda (en el caso de las cirug\u00edas\/procedimientos ambulatorios)<\/li>\n<\/ul>\n\n\n\n<p><br><em>\u25a0 Normalmente los ni\u00f1os peque\u00f1os lloran despu\u00e9s de despertarse de la anestesia, as\u00ed que no se preocupe si escucha a otros ni\u00f1os llorando \u2013 enf\u00f3quese en su hijo\/a.<br>\u25a0 Tenga paciencia \u2013 cada ni\u00f1o se despierta de la anestesia de su propia manera. No intente despertar a su hijo\/a, ya que es m\u00e1s c\u00f3modo para \u00e9l o ella si lo hace solo.<br>\u25a0 La anestesia puede ocasionar picaz\u00f3n nasal, as\u00ed que av\u00edsele a su hijo que no se toque la cara para evitar<br>lesiones a los ojos.<br>\u25a0 Su hijo puede tener palidez, hinchaz\u00f3n o somnolencia, y se puede administrar ox\u00edgeno para facilitar la recuperaci\u00f3n \u2013 esta situaci\u00f3n es normal. El personal de enfermer\u00eda se encarga de observar los signos vitales de su hijo para mantener su seguridad.<br>\u25a0 Es com\u00fan tener dolor despu\u00e9s de una cirug\u00eda, as\u00ed que hacemos todo lo posible para controlar el dolor<br>de su hijo. Si tiene dolor, av\u00edsele a su enfermero\/a.<br>\u25a0 La duraci\u00f3n de la recuperaci\u00f3n puede variar. Mientras muchos ni\u00f1os pasan solamente una hora en el \u00e1rea de recuperaci\u00f3n, hay otros que necesitan quedar bajo observaci\u00f3n por varias horas antes de irse a casa o ser trasladados a una habitaci\u00f3n hasta el otro d\u00eda.<br>\u25a0 Su hijo debe cumplir con unos requisitos antes de poder irse a casa, por ejemplo: control del dolor, estar despierto y alerta, tolerar l\u00edquidos por v\u00eda oral.<br>\u25a0 Si se van a casa el mismo d\u00eda, el m\u00e9dico les explicar\u00e1 las instrucciones de alta<\/em>.<\/p>\n\n\n\n<p>Descargar folleto informativo <a href=\"https:\/\/api.org.ar\/wp-content\/uploads\/2025\/07\/Instructivo-para-cirugias.pdf\" target=\"_blank\" rel=\"noreferrer noopener\">aqu\u00ed<\/a><\/p>\n","protected":false},"excerpt":{"rendered":"<p>Someterse a una cirug\u00eda representa un evento importante\u2014tanto para su hijo\/a como para usted. Aqu\u00ed dejamos la informaci\u00f3n necesaria para cuidar a su hijo\/a; dedique unos minutos a leerlo para que usted y su hijo\/a se puedan sentir m\u00e1s tranquilos y preparados para la cirug\u00eda. Indicaciones previas a procedimientos con anestesia general. Esta es una [&hellip;]<\/p>\n","protected":false},"author":1,"featured_media":0,"parent":0,"menu_order":0,"comment_status":"closed","ping_status":"closed","template":"","meta":{"footnotes":""},"_links":{"self":[{"href":"https:\/\/www.sepyn.com.ar\/public_html\/wp-json\/wp\/v2\/pages\/154"}],"collection":[{"href":"https:\/\/www.sepyn.com.ar\/public_html\/wp-json\/wp\/v2\/pages"}],"about":[{"href":"https:\/\/www.sepyn.com.ar\/public_html\/wp-json\/wp\/v2\/types\/page"}],"author":[{"embeddable":true,"href":"https:\/\/www.sepyn.com.ar\/public_html\/wp-json\/wp\/v2\/users\/1"}],"replies":[{"embeddable":true,"href":"https:\/\/www.sepyn.com.ar\/public_html\/wp-json\/wp\/v2\/comments?post=154"}],"version-history":[{"count":5,"href":"https:\/\/www.sepyn.com.ar\/public_html\/wp-json\/wp\/v2\/pages\/154\/revisions"}],"predecessor-version":[{"id":456,"href":"https:\/\/www.sepyn.com.ar\/public_html\/wp-json\/wp\/v2\/pages\/154\/revisions\/456"}],"wp:attachment":[{"href":"https:\/\/www.sepyn.com.ar\/public_html\/wp-json\/wp\/v2\/media?parent=154"}],"curies":[{"name":"wp","href":"https:\/\/api.w.org\/{rel}","templated":true}]}}