{"id":151,"date":"2024-11-20T17:26:59","date_gmt":"2024-11-20T17:26:59","guid":{"rendered":"https:\/\/www.sepyn.com.ar\/public_html\/?page_id=151"},"modified":"2026-01-27T19:07:25","modified_gmt":"2026-01-27T19:07:25","slug":"coberturas","status":"publish","type":"page","link":"https:\/\/www.sepyn.com.ar\/public_html\/coberturas\/","title":{"rendered":"COBERTURAS"},"content":{"rendered":"\n<p><em><strong>Ante cualquier consulta, solicitamos comunicarse con su cobertura m\u00e9dica a fin de conocer las modalidades y condiciones de atenci\u00f3n.<\/strong><\/em><\/p>\n\n\n\n<p><strong><em>Trabajamos tambi\u00e9n en forma particular, para consultar costos de atenci\u00f3n comunicarse v\u00eda mail a<\/em> admision@sepyn.com.ar<\/strong><\/p>\n\n\n\n<figure class=\"wp-block-table is-style-stripes\"><table><tbody><tr><td><strong>OBRA SOCIAL<\/strong><\/td><td><strong>SIGLAS<\/strong><\/td><td><strong>GERENCIADORA<\/strong><\/td><td><strong>Plan<\/strong><\/td><\/tr><tr><td>OBRA SOCIAL DE EMPLEADOS Y PERSONAL JER\u00c1RQUICO DE LA ACTIVIDAD DEL<br>NEUM\u00c1TICO ARGENTINO GOODYEAR S.R.L<\/td><td>OSEPJANA<\/td><td>ASI (ASISTENCIA SANITARIA INTEGRAL)<\/td><td><\/td><\/tr><tr><td>OBRA SOCIAL DEL VIDRIO<\/td><td>AMSAR<\/td><td>ASOCIACION MUTUAL DE SERVICIOS ASISTENCIALES REGIONALES<\/td><td><\/td><\/tr><tr><td>OBRA SOCIAL DEL PERSONAL AUXILIAR DE CASAS PARTICULARES<\/td><td>OSPACP<\/td><td>AUDISALUD<\/td><td><\/td><\/tr><tr><td>CRISTAL MEDICINA PRIVADA<\/td><td><\/td><td>BIO CRISTAL SALUD SA<\/td><td>ZAFIRO\/ZAFIRO PLUS\/500\/CUARZO\/ESMERALDA\/TOTAL<\/td><\/tr><tr><td>OSMECON SALUD<\/td><td>OSMECON EE<\/td><td>CIRCULO MEDICO DE ESTEBAN ECHEVERRIA<\/td><td>FAMILIAR\/EMPRESA\/MEDICO<\/td><\/tr><tr><td>OBRA SOCIAL DE SEGUROS<\/td><td>OSSEG<\/td><td>COMEDICA<\/td><td><\/td><\/tr><tr><td>TEXSALUD<\/td><td><\/td><td>COMEDICA<\/td><td><\/td><\/tr><tr><td>OBRA SOCIAL APUNTADORES MARITIMOS<\/td><td>OSEAM<\/td><td>CONEXION SALUD<\/td><td><\/td><\/tr><tr><td>OBRA SOCIAL ASOCIACION DE SERVICIOS SOCIALES PARA EMPRESARIOS Y PERSONAL DE DIRECCION DE EMPRESAS DEL COMERCIO, SERVICIOS, PRODUCCION, INDUSTRIA Y CIVIL<\/td><td>ASSPE<\/td><td>CONEXION SALUD<\/td><td><\/td><\/tr><tr><td>OBRA SOCIAL DE EMPLEADOS PUBLICOS<\/td><td>OSEP<\/td><td>CONEXION SALUD<\/td><td><\/td><\/tr><tr><td>OBRA SOCIAL DE LA CONFEDERACION DE OBREROS Y EMPLEADOS MUNICIPALES ARGENTINA<\/td><td>OSCOEMA<\/td><td>CONEXION SALUD<\/td><td><\/td><\/tr><tr><td>OBRA SOCIAL DE MAQUINISTAS DE TEATRO Y TV<\/td><td><\/td><td>CONEXION SALUD<\/td><td><\/td><\/tr><tr><td>CONEXION SALUD<\/td><td><\/td><td>CONEXI\u00d3N SALUD<\/td><td>PLAN SUMA\/INTEGRADOR\/INTEGRADOR PLUS\/EMSYS<\/td><\/tr><tr><td>OBRA SOCIAL DE ARBITROS DEPORTIVOS DE LA REPUBLICA ARGENTINA<\/td><td>OSADRA<\/td><td>CONEXI\u00d3N SALUD<\/td><td><\/td><\/tr><tr><td>OBRA SOCIAL DE DOCENTES PARTICULARES<\/td><td>OSDOP<\/td><td>CONEXI\u00d3N SALUD<\/td><td><\/td><\/tr><tr><td>OBRA SOCIAL DEL PERSONAL DE JABONEROS<\/td><td>OSPEJ<\/td><td>CONEXI\u00d3N SALUD<\/td><td><\/td><\/tr><tr><td>OBRA SOCIAL DEL PERSONAL DE LA ENSE\u00d1ANZA PRIVADA<\/td><td>OSPEP<\/td><td>CONEXI\u00d3N SALUD<\/td><td><\/td><\/tr><tr><td>OBRA SOCIAL APUNTADORES MARITIMOS<\/td><td>OSEAM<\/td><td>CONURBANO SALUD<\/td><td><\/td><\/tr><tr><td>OBRA SOCIAL TRABAJADORES PASTELEROS, CONFITEROS, PIZZEROS , HELADEROS Y ALFAJOREROS DE LA REPUBLICA ARGENTINA<\/td><td>OSTPCHPYARA<\/td><td>ELEVAR<\/td><td><\/td><\/tr><tr><td>OBRA SOCIAL DE LA FEDERACION GREMIAL DEL PERSONAL DE LA INDUSTRIA DE LA CARNE Y SUS DERIVADOS<\/td><td><\/td><td>EN EL HOGAR<\/td><td><\/td><\/tr><tr><td>OBRA SOCIAL DE LA INDUSTRIA DE LA CONSTRUCCION<\/td><td>OSDIC<\/td><td>ENSALUD<\/td><td><\/td><\/tr><tr><td>OBRA SOCIAL DE LA INDUSTRIA DEL HIELO Y MERCADOS<\/td><td>OSPHIMP<\/td><td>ENSALUD<\/td><td><\/td><\/tr><tr><td>OBRA SOCIAL DE LOS TRABAJADORES DEL RUBRO DE TELECOMUNICACIONES Y MULTIMEDIA EN ARGENTINA.<\/td><td>OSTEL<\/td><td>ENSALUD<\/td><td><\/td><\/tr><tr><td>OBRA SOCIAL DE M\u00c9DICOS DE LA CIUDAD DE BS.AS<\/td><td><\/td><td>ENSALUD<\/td><td><\/td><\/tr><tr><td>OBRA SOCIAL DEL PERSONAL DE CEMENTERIOS, COCHER\u00cdAS Y CREMATORIOS DE LA REP\u00daBLICA ARGENTINA<\/td><td>OSPCRA<\/td><td>ENSALUD<\/td><td><\/td><\/tr><tr><td>OBRA SOCIAL DEL PERSONAL DE CONSTRUCCI\u00d3N DEL MERCADO Y HACIENDA<\/td><td>OSPEMER<\/td><td>ENSALUD<\/td><td><\/td><\/tr><tr><td>OBRA SOCIAL DEL PERSONAL DE FARMACIA<\/td><td>OSFE<\/td><td>ENSALUD<\/td><td><\/td><\/tr><tr><td>OBRA SOCIAL DEL PERSONAL DE LA INDUSTRIA MOLINERA<\/td><td>OSPIM<\/td><td>ENSALUD<\/td><td><\/td><\/tr><tr><td>OBRA SOCIAL TRABAJADORES VIALES<\/td><td>OSTV<\/td><td>ENSALUD<\/td><td><\/td><\/tr><tr><td>OBRA&nbsp;SOCIAL&nbsp;DEL&nbsp;SINDICATO&nbsp;DE&nbsp;AMAS&nbsp;DE&nbsp;CASA&nbsp;DE&nbsp;LA&nbsp;REP\u00daBLICA&nbsp;ARGENTINA<\/td><td>OSSACRA<\/td><td>ENSALUD<\/td><td><\/td><\/tr><tr><td>OSPA\u00d1A MUTUAL<\/td><td>OSPA\u00d1A<\/td><td>ENSALUD<\/td><td><\/td><\/tr><tr><td>WILLIAM HOPE SALUD<\/td><td><\/td><td>ENSALUD<\/td><td><\/td><\/tr><tr><td>OBRA SOCIAL ASOCIACION DE SERVICIOS SOCIALES PARA EMPRESARIOS Y PERSONAL DE DIRECCION DE EMPRESAS DEL COMERCIO, SERVICIOS, PRODUCCION, INDUSTRIA Y CIVIL<\/td><td>ASSPE<\/td><td>FIDEISALUD<\/td><td><\/td><\/tr><tr><td>OBRA SOCIAL DE CAPATACES Y ESTIBADORES PORTUARIOS<\/td><td>OSCEP<\/td><td>FIDEISALUD<\/td><td><\/td><\/tr><tr><td>OBRA SOCIAL DE PERSONAL DE SERENOS DE BUQUES<\/td><td>OSSDEB<\/td><td>FIDEISALUD<\/td><td><\/td><\/tr><tr><td>FORTALECER SALUD<\/td><td>FORMED<\/td><td>FORTALECER SALUD<\/td><td><\/td><\/tr><tr><td>COBERTURA MEDICA PRIVADA (MP SALUD)<\/td><td><\/td><td>GRUPO MP SALUD<\/td><td>100-500-1000<\/td><\/tr><tr><td>OBRA SOCIAL DE AGENTES DE LOTERIAS Y AFINES<\/td><td>OSALARA<\/td><td>HEMISFERIO SALUD<\/td><td><\/td><\/tr><tr><td>CRISOLMED<\/td><td><\/td><td>IMA SALUD (Marcos y Hugo Libendinsky SA)<\/td><td><\/td><\/tr><tr><td>OBRA SOCIAL DEL PERSONAL DE LA INDUSTRIA MADERERA<\/td><td>OSPIM<\/td><td>IMA SALUD (Marcos y Hugo Libendinsky SA)<\/td><td><\/td><\/tr><tr><td>OBRA SOCIAL DEL PERSONAL DEL CAUCHO<\/td><td>OSPIC<\/td><td>IMA SALUD (Marcos y Hugo Libendinsky SA)<\/td><td><\/td><\/tr><tr><td>OBRA SOCIAL DEL PERSONAL DEL ESPECTACULO PUBLICO<\/td><td>OSPEP<\/td><td>IMA SALUD (Marcos y Hugo Libendinsky SA)<\/td><td><\/td><\/tr><tr><td>OBRA SOCIAL TRABAJADORES DEL CUERO Y AFINES<\/td><td><\/td><td>IMA SALUD (Marcos y Hugo Libendinsky SA)<\/td><td><\/td><\/tr><tr><td>OBRA SOCIAL DEL PERSONAL DE LA INDUSTRIA MADERERA<\/td><td>OSPIM<\/td><td>IMAGMED SA &#8211; UTE MARIA MATER<\/td><td><\/td><\/tr><tr><td>INTEGRAL SALUD SRL<\/td><td><\/td><td>INTEGRAL SALUD<\/td><td>CEDRO<\/td><\/tr><tr><td>OBRA SOCIAL DE DOCENTES PRIVADOS (PATAGONIA)<\/td><td>OSDOP<\/td><td>ITER MEDICINA<\/td><td><\/td><\/tr><tr><td>OBRA SOCIAL DE FARMACIA MONOTRIBUTISTAS<\/td><td>OSFE<\/td><td>ITER MEDICINA<\/td><td><\/td><\/tr><tr><td>OBRA SOCIAL DE PERSONAL DE MINERIAS<\/td><td>OSAM<\/td><td>ITER MEDICINA<\/td><td><\/td><\/tr><tr><td>OBRA SOCIAL DE PERSONAL MARITIMO<\/td><td>OSPM<\/td><td>ITER MEDICINA<\/td><td><\/td><\/tr><tr><td>MGN SALUD<\/td><td>MEGN SALUD<\/td><td>MGN SALUD<\/td><td>PLANES M1000\/M2000\/M300\/M400\/M500\/S100\/SENIOR<\/td><\/tr><tr><td>MUNICIALIDAD 3 DE FEBRERO<\/td><td>M3F<\/td><td>SANATORIO MODELO DE CASEROS<\/td><td><\/td><\/tr><tr><td>SCIS MEDICINA PRIVADA<\/td><td><\/td><td>SCIS MEDICINA PRIVADA<\/td><td>50\/100\/150\/250\/300\/500\/550\/600\/4000<\/td><\/tr><tr><td>UTEPLIM SALUD<\/td><td>UTEPLIM<\/td><td>UTEPLIM<\/td><td><\/td><\/tr><tr><td>OBRA SOCIAL DE CAPITANES DE ULTRAMAR Y OFICIALES DE LA MARINA MERCANTE<\/td><td>OSCOMM<\/td><td>VISITAR<\/td><td><\/td><\/tr><tr><td>OBRA SOCIAL DE DIRECCION<\/td><td>OSDO<\/td><td>VISITAR<\/td><td><\/td><\/tr><tr><td>OBRA SOCIAL DE EMPLEADOS DE DESPACHANTES DE ADUANA<\/td><td>OSEDA<\/td><td>VISITAR<\/td><td><\/td><\/tr><tr><td>OBRA SOCIAL DEL MINISTERIO DE ECONOMIA<\/td><td>OSME<\/td><td>VISITAR<\/td><td><\/td><\/tr><tr><td>OBRA SOCIAL DEL PERSONAL AERONAUTICO<\/td><td>OSPA<\/td><td>VISITAR<\/td><td><\/td><\/tr><tr><td>OBRA SOCIAL DEL PERSONAL ASOCIADO A ASOCIACION MUTUAL SANCOR&nbsp;<\/td><td>OSPERSAAMS<\/td><td>VISITAR<\/td><td><\/td><\/tr><tr><td>OBRA SOCIAL DEL PERSONAL DE AERONAVEGACI ON DE ENTES PRIVADOS<\/td><td>OSDAAD<\/td><td>VISITAR<\/td><td><\/td><\/tr><tr><td>OBRA SOCIAL DEL PERSONAL DE DIRECCION<\/td><td>OSIM<\/td><td>VISITAR<\/td><td><\/td><\/tr><tr><td>OBRA SOCIAL DEL PERSONAL DE LA INDUSTRIA DEL TABACO<\/td><td>OSETRA<\/td><td>VISITAR<\/td><td><\/td><\/tr><tr><td>OBRA SOCIAL DEL PERSONAL AERONAUTICO<\/td><td>OSA<\/td><td>VISITAR<\/td><td><\/td><\/tr><tr><td>OBRA SOCIAL DEL PERSONAL DE ORGANISMO DE CONTROL EXTERNO&nbsp;<\/td><td>OSPOCE<\/td><td>visitar<\/td><td><\/td><\/tr><tr><td>OBRA SOCIAL PARA EL PERSONAL DE DIRECCI\u00d3N DE LA INDUSTRIA MADERERA<\/td><td>OSMAD<\/td><td>VISITAR<\/td><td><\/td><\/tr><tr><td>OBRA SOCIAL DE LOCUTORES Y COMUNICADORES<\/td><td>OSDEL<\/td><td>VISITAR<\/td><td><\/td><\/tr><tr><td>OSDYB<\/td><td>OSDYB<\/td><td>VISITAR<\/td><td><\/td><\/tr><tr><td>ASISTENCIA SANITARIA INTEGRAL<\/td><td>ASI<\/td><td><\/td><td><\/td><\/tr><tr><td>ASOCIACI\u00d3N DE SUPERVISORES DE LA INDUSTRIA METALMEC\u00c1NICA DE LA REP\u00daBLICA ARGENTINA&nbsp;<\/td><td>ASSIMRA<\/td><td><\/td><td><\/td><\/tr><tr><td>ASOCIACI\u00d3N DE SUPERVISORES DE LA INDUSTRIA METALMEC\u00c1NICA DE LA REP\u00daBLICA ARGENTINA&nbsp;<\/td><td>ASSIMRA<\/td><td><\/td><td><\/td><\/tr><tr><td>DIRECCION DE OBRA SOCIAL DEL SERVICIO PENITENCIARIO FEDERAL<\/td><td>SPF<\/td><td><\/td><td><\/td><\/tr><tr><td>FEDECAMARAS<\/td><td>OSF<\/td><td><\/td><td><\/td><\/tr><tr><td>OBRA SOCIAL DE ACTORES<\/td><td>OSA<\/td><td><\/td><td>650\/700\/CLASICO<\/td><\/tr><tr><td>OBRA SOCIAL DE COLOCADORES DE AZULEJOS, MOSAICOS, GRANITEROS, LUSTRADORES Y PORCELANEROS<\/td><td>OSCAMGLYP<\/td><td><\/td><td><\/td><\/tr><tr><td>OBRA SOCIAL DE EMPLEADOS DE COMERCIO<\/td><td>OSECAC<\/td><td><\/td><td><\/td><\/tr><tr><td>OBRA SOCIAL DE EMPLEADOS DE LA INDUSTRIA DEL VIDRIO<\/td><td>OSEIV<\/td><td><\/td><td><\/td><\/tr><tr><td>OBRA SOCIAL DE EMPLEADOS TEXTILES Y AFINES<\/td><td>OSETYA<\/td><td><\/td><td><\/td><\/tr><tr><td>OBRA SOCIAL DE EMPRESARIOS, PROFESIONALES Y MONOTRIBUTISTA<\/td><td>OSDEPYM<\/td><td><\/td><td>800\/1000\/2000\/2500\/3000\/4000\/STAFF\/PERSONAL<\/td><\/tr><tr><td>OBRA SOCIAL DE GUINCHEROS Y MAQUINISTAS DE GRUAS MOVILES<\/td><td><\/td><td><\/td><td><\/td><\/tr><tr><td>OBRA SOCIAL DE IMPRENTA DIARIOS Y AFINES<\/td><td>OSPIDA<\/td><td><\/td><td><\/td><\/tr><tr><td>OBRA SOCIAL DE LAS ASOCIACIONES DE EMPLEADOS DE FARMACIA<\/td><td>OSADEF<\/td><td><\/td><td><\/td><\/tr><tr><td>OBRA SOCIAL DE LOS CORTADORES DE LA INDUMENTARIA<\/td><td><\/td><td><\/td><td><\/td><\/tr><tr><td>OBRA SOCIAL DE LOS OBREROS CATOLICOS<\/td><td>OSAMOC<\/td><td><\/td><td><\/td><\/tr><tr><td>OBRA SOCIAL DE LOS TRABAJADORES RURALES<\/td><td>OSPRERA<\/td><td><\/td><td><\/td><\/tr><tr><td>OBRA SOCIAL DE PERSONAL ADMINISTRATIVO Y TECNICO DE LA CONSTRUCCION Y AFINES<\/td><td>OSPATCA<\/td><td><\/td><td>CLASICO\/MONOTRIBUTSITA<\/td><\/tr><tr><td>OBRA SOCIAL DE RELOJEROS Y JOYEROS<\/td><td><\/td><td><\/td><td>CELESTE\/VERDE\/ESMERALDA\/PLATINO\/ORO<\/td><\/tr><tr><td>OBRA SOCIAL DE TRABAJADORES<br>TINTOREROS, SOMBREREROS Y LAVADEROS<br>DE LA REP\u00daBLICA ARGENTINA<\/td><td>OSOETSYLRA<\/td><td><\/td><td>50\/100<\/td><\/tr><tr><td>OBRA SOCIAL DE VIAJANTES VENDEDORES DE LA REP\u00daBLICA ARGENTINA<\/td><td>ANDAR SALUD<\/td><td><\/td><td>BASICO MONOTRIBUTISTA\/ BASICO DEPENDIENTE CLASICO\/ESPECIAL\/PLUS<\/td><\/tr><tr><td>OBRA SOCIAL DEL PERSONAL DE ENTIDADES DEPORTIVAS Y CIVILES<\/td><td>OSPEDYC<\/td><td><\/td><td><\/td><\/tr><tr><td>OBRA SOCIAL DEL PERSONAL DE ESCRIBANOS<\/td><td><\/td><td><\/td><td><\/td><\/tr><tr><td>OBRA SOCIAL DEL PERSONAL DE ESTACIONES DE SERVICIO Y G.N.C, GARAGES, PLAYAS DE ESTACIONAMIENTO Y LAVADEROS AUTOMATICOS<\/td><td>OSPESGYPE<\/td><td><\/td><td><\/td><\/tr><tr><td>OBRA SOCIAL DEL PERSONAL DE FARMACIA<\/td><td>OSPF<\/td><td><\/td><td><\/td><\/tr><tr><td>OBRA SOCIAL DEL PERSONAL DE JABONEROS<\/td><td>OSPEJ<\/td><td><\/td><td><\/td><\/tr><tr><td>OBRA SOCIAL DEL PERSONAL DE LA INDUSTRIA CINEMATOGRAFICA<\/td><td>OSPIC OSPICINE<\/td><td><\/td><td><\/td><\/tr><tr><td>OBRA SOCIAL DEL PERSONAL DE LA INDUSTRIA DEL CALZADO<\/td><td>OSPICAL<\/td><td><\/td><td><\/td><\/tr><tr><td>OBRA SOCIAL DEL PERSONAL DE LA INDUSTRIA DEL CHACINADO Y AFINES<\/td><td>OSPICHA<\/td><td><\/td><td><\/td><\/tr><tr><td>OBRA SOCIAL DEL PERSONAL DE LA INDUSTRIA DEL FOSFORO<\/td><td>OSPIF<\/td><td><\/td><td>BORDAU\/CLASICO\/PLATINO<\/td><\/tr><tr><td>OBRA SOCIAL DEL PERSONAL DE LA TELEVISION<\/td><td>OSPTV<\/td><td><\/td><td>100 \/ 200 \/ 300 \/ 400<br>OSPTV<br>JUB OS \/ JUB OS MUT<br>SAT<br>JUB SAT \/ JUB SAT MUTUAL<br>SAT 1001<\/td><\/tr><tr><td>OBRA SOCIAL DEL PERSONAL DE MAESTRANZA<\/td><td>OSPM<\/td><td><\/td><td><\/td><\/tr><tr><td>OBRA SOCIAL DEL PERSONAL DE ORGANISMO DE CONTROL EXTERNO&nbsp;<\/td><td>OSPOCE<\/td><td><\/td><td>MI500\/MI600-CEIBO\/MI700-ARRAYAN\/MI800-NOGAL\/MI900-ROBLE-ROBLE LM\/ROBLE OSEDA\/MI 950\/MI 1000-01 Y 01LM\/MI2000<\/td><\/tr><tr><td>OBRA SOCIAL DEL PERSONAL DE SANIDAD<\/td><td>FATSA<\/td><td><\/td><td><\/td><\/tr><tr><td>OBRA SOCIAL DEL PERSONAL DEL PLASTICO<\/td><td>OSPIP<\/td><td><\/td><td><\/td><\/tr><tr><td>OBRA SOCIAL DEL PERSONAL FARMACIA<\/td><td>OSPF<\/td><td><\/td><td><\/td><\/tr><tr><td>OBRA SOCIAL DEL PERSONAL JERARQUICO DE REPUBLICA ARGENTINA<\/td><td>OSJERA<\/td><td><\/td><td>PSO600\/CLASICO<\/td><\/tr><tr><td>OBRA SOCIAL DEL PERSONAL MARITIMO<\/td><td>OSPM<\/td><td><\/td><td><\/td><\/tr><tr><td>OBRA SOCIAL DEL PERSONAL MOSAISTA<\/td><td><\/td><td><\/td><td><\/td><\/tr><tr><td>OBRA SOCIAL MUTUALIDAD INDUSTRIAL TEXTIL ARGENTINA<\/td><td>OSMITA<\/td><td><\/td><td><\/td><\/tr><tr><td>OBRA SOCIAL PARA LA ACTIVIDAD DOCENTE<\/td><td>OSPLAD<\/td><td><\/td><td><\/td><\/tr><tr><td>OBRA SOCIAL YACIMIENTOS CARBONIFEROS<\/td><td>OSYC<\/td><td><\/td><td><\/td><\/tr><tr><td>PRIVAMED<\/td><td><\/td><td><\/td><td>550\/660\/770CCE-CCD\/880CCE\/ 880CDC\/770\/770D\/ACE\/CXE\/CXENOVA\/ACD\/CXD\/CXDNOVA\/1000<\/td><\/tr><tr><td>PROGRAMAS MEDICOS<\/td><td><\/td><td><\/td><td>linea 2 classic &#8211; premium \/ linea 3 clssic &#8211; premium \/ LINES 4 &#8211; pREMIUM \/ LINEA JOVEN \/ PGN<\/td><\/tr><tr><td>ROISA -DOCTORED-<\/td><td><\/td><td><\/td><td>Planes: CASLA (1000\/2000\/3000) DOCTORED\/ OSDIC\/OSPECE\/UAI 1.0\/UAI 2.1<\/td><\/tr><tr><td>SALUD NACIONAL<\/td><td><\/td><td><\/td><td>PN\/PN+<\/td><\/tr><tr><td>SANCOR SALUD<\/td><td><\/td><td><\/td><td><\/td><\/tr><tr><td>OBRA SOCIAL DE FERROVIARIOS<\/td><td>OSFE<\/td><td><\/td><td>SOLO CON AUTORIZACION EXPRESA DE OSFE<\/td><\/tr><tr><td>SALUD INTEGRAL MEP LIFE<\/td><td><\/td><td><\/td><td>PMO\/CEIBO\/ALAMO\/ROBLE<\/td><\/tr><tr><td>SALUD CENTRAL MEDICINA PRIVADA<\/td><td><\/td><td><\/td><td>SC-30 \/ SC-50 \/ SC-70 \/ SC-90 \/ SC 110<\/td><\/tr><\/tbody><\/table><\/figure>\n","protected":false},"excerpt":{"rendered":"<p>Ante cualquier consulta, solicitamos comunicarse con su cobertura m\u00e9dica a fin de conocer las modalidades y condiciones de atenci\u00f3n. Trabajamos tambi\u00e9n en forma particular, para consultar costos de atenci\u00f3n comunicarse v\u00eda mail a admision@sepyn.com.ar OBRA SOCIAL SIGLAS GERENCIADORA Plan OBRA SOCIAL DE EMPLEADOS Y PERSONAL JER\u00c1RQUICO DE LA ACTIVIDAD DELNEUM\u00c1TICO ARGENTINO GOODYEAR S.R.L OSEPJANA ASI [&hellip;]<\/p>\n","protected":false},"author":1,"featured_media":0,"parent":0,"menu_order":0,"comment_status":"closed","ping_status":"closed","template":"","meta":{"footnotes":""},"_links":{"self":[{"href":"https:\/\/www.sepyn.com.ar\/public_html\/wp-json\/wp\/v2\/pages\/151"}],"collection":[{"href":"https:\/\/www.sepyn.com.ar\/public_html\/wp-json\/wp\/v2\/pages"}],"about":[{"href":"https:\/\/www.sepyn.com.ar\/public_html\/wp-json\/wp\/v2\/types\/page"}],"author":[{"embeddable":true,"href":"https:\/\/www.sepyn.com.ar\/public_html\/wp-json\/wp\/v2\/users\/1"}],"replies":[{"embeddable":true,"href":"https:\/\/www.sepyn.com.ar\/public_html\/wp-json\/wp\/v2\/comments?post=151"}],"version-history":[{"count":10,"href":"https:\/\/www.sepyn.com.ar\/public_html\/wp-json\/wp\/v2\/pages\/151\/revisions"}],"predecessor-version":[{"id":482,"href":"https:\/\/www.sepyn.com.ar\/public_html\/wp-json\/wp\/v2\/pages\/151\/revisions\/482"}],"wp:attachment":[{"href":"https:\/\/www.sepyn.com.ar\/public_html\/wp-json\/wp\/v2\/media?parent=151"}],"curies":[{"name":"wp","href":"https:\/\/api.w.org\/{rel}","templated":true}]}}