{"id":13,"date":"2021-03-19T18:37:59","date_gmt":"2021-03-19T18:37:59","guid":{"rendered":"https:\/\/www.sepyn.com.ar\/public_html\/?page_id=13"},"modified":"2025-11-20T16:21:19","modified_gmt":"2025-11-20T16:21:19","slug":"oficina-de-gestion-de-pacientes","status":"publish","type":"page","link":"https:\/\/www.sepyn.com.ar\/public_html\/oficina-de-gestion-de-pacientes\/","title":{"rendered":"OFICINA DE GESTI\u00d3N DE PACIENTES"},"content":{"rendered":"\n<p><\/p>\n\n\n\n<p><strong>ADMISI\u00d3N:&nbsp;<\/strong>Los padres deben concurrir con el original del DNI, Carnet de afiliado y del \u00faltimo recibo de haberes. En caso de ser monotributistas, deber\u00e1n presentar original y fotocopia de las \u00faltimas seis liquidaciones del pago del impuesto correspondiente. Asimismo, para aquellas Obras Sociales que as\u00ed lo requieran, se deber\u00e1 presentar un bono de atenci\u00f3n.<\/p>\n\n\n\n<div class=\"wp-block-columns are-vertically-aligned-bottom is-layout-flex wp-container-core-columns-is-layout-3 wp-block-columns-is-layout-flex\">\n<div class=\"wp-block-column is-vertically-aligned-bottom is-layout-flow wp-block-column-is-layout-flow\" style=\"flex-basis:100%\">\n<div class=\"wp-block-group has-global-padding is-layout-constrained wp-block-group-is-layout-constrained\">\n<div class=\"wp-block-columns is-layout-flex wp-container-core-columns-is-layout-2 wp-block-columns-is-layout-flex\">\n<div class=\"wp-block-column is-layout-flow wp-block-column-is-layout-flow\" style=\"flex-basis:100%\">\n<div class=\"wp-block-group is-layout-flow wp-block-group-is-layout-flow\">\n<div class=\"wp-block-group is-layout-flow wp-block-group-is-layout-flow\"><\/div>\n<\/div>\n\n\n\n<div class=\"wp-block-columns is-layout-flex wp-container-core-columns-is-layout-1 wp-block-columns-is-layout-flex\">\n<div class=\"wp-block-column is-layout-flow wp-block-column-is-layout-flow\">\n<figure class=\"wp-block-image aligncenter size-full is-resized\"><a href=\"https:\/\/wa.me\/5491156542955\"><img loading=\"lazy\" decoding=\"async\" width=\"224\" height=\"224\" src=\"https:\/\/www.sepyn.com.ar\/public_html\/wp-content\/uploads\/2022\/11\/boton-whatsapp.png\" alt=\"\" class=\"wp-image-90\" style=\"width:73px;height:73px\" srcset=\"https:\/\/www.sepyn.com.ar\/public_html\/wp-content\/uploads\/2022\/11\/boton-whatsapp.png 224w, https:\/\/www.sepyn.com.ar\/public_html\/wp-content\/uploads\/2022\/11\/boton-whatsapp-150x150.png 150w, https:\/\/www.sepyn.com.ar\/public_html\/wp-content\/uploads\/2022\/11\/boton-whatsapp-100x100.png 100w\" sizes=\"(max-width: 224px) 100vw, 224px\" \/><\/a><\/figure>\n<\/div>\n\n\n\n<div class=\"wp-block-column is-layout-flow wp-block-column-is-layout-flow\">\n<figure class=\"wp-block-image aligncenter size-full is-resized\"><a href=\"mailto:admision@gmail.com\"><img loading=\"lazy\" decoding=\"async\" width=\"224\" height=\"224\" src=\"https:\/\/www.sepyn.com.ar\/public_html\/wp-content\/uploads\/2022\/11\/boton-mail.png\" alt=\"\" class=\"wp-image-89\" style=\"width:76px;height:76px\" srcset=\"https:\/\/www.sepyn.com.ar\/public_html\/wp-content\/uploads\/2022\/11\/boton-mail.png 224w, https:\/\/www.sepyn.com.ar\/public_html\/wp-content\/uploads\/2022\/11\/boton-mail-150x150.png 150w, https:\/\/www.sepyn.com.ar\/public_html\/wp-content\/uploads\/2022\/11\/boton-mail-100x100.png 100w\" sizes=\"(max-width: 224px) 100vw, 224px\" \/><\/a><\/figure>\n<\/div>\n<\/div>\n<\/div>\n<\/div>\n<\/div>\n<\/div>\n<\/div>\n","protected":false},"excerpt":{"rendered":"<p>ADMISI\u00d3N:&nbsp;Los padres deben concurrir con el original del DNI, Carnet de afiliado y del \u00faltimo recibo de haberes. En caso de ser monotributistas, deber\u00e1n presentar original y fotocopia de las \u00faltimas seis liquidaciones del pago del impuesto correspondiente. Asimismo, para aquellas Obras Sociales que as\u00ed lo requieran, se deber\u00e1 presentar un bono de atenci\u00f3n.<\/p>\n","protected":false},"author":1,"featured_media":0,"parent":0,"menu_order":0,"comment_status":"closed","ping_status":"closed","template":"","meta":{"footnotes":""},"_links":{"self":[{"href":"https:\/\/www.sepyn.com.ar\/public_html\/wp-json\/wp\/v2\/pages\/13"}],"collection":[{"href":"https:\/\/www.sepyn.com.ar\/public_html\/wp-json\/wp\/v2\/pages"}],"about":[{"href":"https:\/\/www.sepyn.com.ar\/public_html\/wp-json\/wp\/v2\/types\/page"}],"author":[{"embeddable":true,"href":"https:\/\/www.sepyn.com.ar\/public_html\/wp-json\/wp\/v2\/users\/1"}],"replies":[{"embeddable":true,"href":"https:\/\/www.sepyn.com.ar\/public_html\/wp-json\/wp\/v2\/comments?post=13"}],"version-history":[{"count":13,"href":"https:\/\/www.sepyn.com.ar\/public_html\/wp-json\/wp\/v2\/pages\/13\/revisions"}],"predecessor-version":[{"id":446,"href":"https:\/\/www.sepyn.com.ar\/public_html\/wp-json\/wp\/v2\/pages\/13\/revisions\/446"}],"wp:attachment":[{"href":"https:\/\/www.sepyn.com.ar\/public_html\/wp-json\/wp\/v2\/media?parent=13"}],"curies":[{"name":"wp","href":"https:\/\/api.w.org\/{rel}","templated":true}]}}